{"id":17,"date":"2015-01-18T19:12:15","date_gmt":"2015-01-18T17:12:15","guid":{"rendered":"http:\/\/web135.server43.campusspeicher.de\/aturien\/wp\/?page_id=17"},"modified":"2023-07-01T10:07:14","modified_gmt":"2023-07-01T08:07:14","slug":"phantastisches-mittelalter","status":"publish","type":"page","link":"https:\/\/aturien-ev.de\/?page_id=17","title":{"rendered":"Fantastisches Mittelalter &#8211; Live Rollenspiel"},"content":{"rendered":"<p style=\"text-align: justify;\">Im Aturien e.V. wirken wir gemeinsam daran, mittelalterlich angelehnte Darstellungsszenarien zu erschaffen und zu erleben. Das geschieht meist im Rahmen von <a href=\"https:\/\/de.wikipedia.org\/wiki\/Live_Action_Role_Playing\">Live-Rollenspiel<\/a>-Veranstaltungen (LARPs).<\/p>\n<figure id=\"attachment_100\" aria-describedby=\"caption-attachment-100\" style=\"width: 120px\" class=\"wp-caption alignleft\"><a href=\"https:\/\/aturien-ev.de\/wp-content\/uploads\/aturien-schild3k.gif\"><img loading=\"lazy\" decoding=\"async\" class=\"wp-image-100 size-full\" src=\"https:\/\/aturien-ev.de\/wp-content\/uploads\/aturien-schild3k.gif\" alt=\"aturien-schild3k\" width=\"120\" height=\"138\" \/><\/a><figcaption id=\"caption-attachment-100\" class=\"wp-caption-text\">Wappen des fiktiven K\u00f6nigreichs Aturien<\/figcaption><\/figure>\n<p>Ein Ideengeber f\u00fcr unsere Darstellungsszenarien, ist das\u00a0mittelalterliche K\u00f6nigreich Asturien, welches uns mit seiner h\u00f6fischen Kultur und der mediterranen Lebensfreude ein sch\u00f6nes Vorbild liefert. So ist auch unser Darstellungsszenario das K\u00f6nigreich Aturien\u00a0eines der s\u00fcdlichsten L\u00e4nder des &#8222;alten Kontinents&#8220;, geographisch jedoch in etwa Norditalien mit einer Stadt wie Venedig als Hauptstadt und somit auch wirtschaftlich an dem alten Handelsstaat\u00a0 angelehnt.<\/p>\n<p style=\"text-align: justify;\">Das Wappen des K\u00f6nigreichs Aturien gleicht dem Walisischen Drachen. Vielleicht hast Du schon ein paar Informationen \u00fcber unsere Darstellugen auf dieser Homepage nachgelesen oder auf Veranstaltungen erhalten.<\/p>\n<p style=\"text-align: justify;\">Viele Vereinigungen haben sich in dem bundesweitem <a href=\"http:\/\/www.mittellande.de\/\" target=\"_blank\" rel=\"noopener\">Mittellande Kampagne e.V. <\/a>\u00a0zusammengeschlossen. Sie tauschen sich direkt aus und unterst\u00fctzen sich gegenseitig in Organisation und Entwicklung ihrer Projekte. So entstand der gr\u00f6\u00dfte &#8222;Dachverband&#8220; in diesem Bereich, in welchem wir seit 1996 mitarbeiten.<\/p>\n<h2 style=\"text-align: justify;\">Darstellen einer Figur aus unseren Darstellungsszenarien<\/h2>\n<p style=\"text-align: justify;\">Wir freuen uns sehr dar\u00fcber aktive Mitspieler zu gewinnen, denn unsere zahlreichen Aktivit\u00e4ten leben durch Sie!<\/p>\n<p style=\"text-align: justify;\">Es nicht zwingend notwendig sofort Mitglied im Aturien e.V. zu werden um einen Charakter aus unseren Darstellungsszenarien zu spielen, jedoch lebt auch unser Verein von der aktiven Mitarbeit. Deswegen freuen wir uns immer, Verst\u00e4rkung zu bekommen. Solltest Du jedoch unseren Spielhintergrund f\u00fcr Dein Charakterspiel dauerhaft nutzen wollen, ist eine Vereinsmitgliedsschaft Grundvoraussetzung.<\/p>\n<p style=\"text-align: justify;\">Bei Interesse reicht eine kurze E-Mail an:<\/p>\n<p style=\"text-align: justify;\">info[bei] aturien-ev.de<\/p>\n<p style=\"text-align: justify;\">Wir freuen uns auf viele gemeinsame Aktionen mit Euch! \ud83d\ude42<\/p>\n<div class=\"shariff\"><ul class=\"shariff-buttons theme-default orientation-horizontal buttonsize-medium\"><li class=\"shariff-button facebook shariff-nocustomcolor\" style=\"background-color:#4273c8\"><a href=\"https:\/\/www.facebook.com\/sharer\/sharer.php?u=https%3A%2F%2Faturien-ev.de%2F%3Fpage_id%3D17\" title=\"Bei Facebook teilen\" aria-label=\"Bei Facebook teilen\" role=\"button\" rel=\"nofollow\" class=\"shariff-link\" style=\"; background-color:#3b5998; color:#fff\" target=\"_blank\"><span class=\"shariff-icon\" style=\"\"><svg width=\"32px\" height=\"20px\" xmlns=\"http:\/\/www.w3.org\/2000\/svg\" viewBox=\"0 0 18 32\"><path fill=\"#3b5998\" d=\"M17.1 0.2v4.7h-2.8q-1.5 0-2.1 0.6t-0.5 1.9v3.4h5.2l-0.7 5.3h-4.5v13.6h-5.5v-13.6h-4.5v-5.3h4.5v-3.9q0-3.3 1.9-5.2t5-1.8q2.6 0 4.1 0.2z\"\/><\/svg><\/span><span class=\"shariff-text\">teilen<\/span>&nbsp;<\/a><\/li><li class=\"shariff-button twitter shariff-nocustomcolor\" style=\"background-color:#595959\"><a href=\"https:\/\/twitter.com\/share?url=https%3A%2F%2Faturien-ev.de%2F%3Fpage_id%3D17&text=Fantastisches%20Mittelalter%20%E2%80%93%20Live%20Rollenspiel\" title=\"Bei X teilen\" aria-label=\"Bei X teilen\" role=\"button\" rel=\"noopener nofollow\" class=\"shariff-link\" style=\"; background-color:#000; color:#fff\" target=\"_blank\"><span class=\"shariff-icon\" style=\"\"><svg width=\"32px\" height=\"20px\" xmlns=\"http:\/\/www.w3.org\/2000\/svg\" viewBox=\"0 0 24 24\"><path fill=\"#000\" d=\"M14.258 10.152L23.176 0h-2.113l-7.747 8.813L7.133 0H0l9.352 13.328L0 23.973h2.113l8.176-9.309 6.531 9.309h7.133zm-2.895 3.293l-.949-1.328L2.875 1.56h3.246l6.086 8.523.945 1.328 7.91 11.078h-3.246zm0 0\"\/><\/svg><\/span><span class=\"shariff-text\">teilen<\/span>&nbsp;<\/a><\/li><li class=\"shariff-button threema shariff-nocustomcolor shariff-mobile\" style=\"background-color:#4fbc24\"><a href=\"threema:\/\/compose?text=Fantastisches%20Mittelalter%20%E2%80%93%20Live%20Rollenspiel%20https%3A%2F%2Faturien-ev.de%2F%3Fpage_id%3D17\" title=\"Bei Threema teilen\" aria-label=\"Bei Threema teilen\" role=\"button\" rel=\"noopener nofollow\" class=\"shariff-link\" style=\"; background-color:#1f1f1f; color:#fff\" target=\"_blank\"><span class=\"shariff-icon\" style=\"\"><svg width=\"32px\" height=\"20px\" xmlns=\"http:\/\/www.w3.org\/2000\/svg\" viewBox=\"0 0 32 32\"><path fill=\"#1f1f1f\" d=\"M30.8 10.9c-0.3-1.4-0.9-2.6-1.8-3.8-2-2.6-5.5-4.5-9.4-5.2-1.3-0.2-1.9-0.3-3.5-0.3s-2.2 0-3.5 0.3c-4 0.7-7.4 2.6-9.4 5.2-0.9 1.2-1.5 2.4-1.8 3.8-0.1 0.5-0.2 1.2-0.2 1.6 0 0.4 0.1 1.1 0.2 1.6 0.4 1.9 1.3 3.4 2.9 5 0.8 0.8 0.8 0.8 0.7 1.3 0 0.6-0.5 1.6-1.7 3.6-0.3 0.5-0.5 0.9-0.5 0.9 0 0.1 0.1 0.1 0.5 0 0.8-0.2 2.3-0.6 5.6-1.6 1.1-0.3 1.3-0.4 2.3-0.4 0.8 0 1.1 0 2.3 0.2 1.5 0.2 3.5 0.2 4.9 0 5.1-0.6 9.3-2.9 11.4-6.3 0.5-0.9 0.9-1.8 1.1-2.8 0.1-0.5 0.2-1.1 0.2-1.6 0-0.7-0.1-1.1-0.2-1.6-0.3-1.4 0.1 0.5 0 0zM20.6 17.3c0 0.4-0.4 0.8-0.8 0.8h-7.7c-0.4 0-0.8-0.4-0.8-0.8v-4.6c0-0.4 0.4-0.8 0.8-0.8h0.2l0-1.6c0-0.9 0-1.8 0.1-2 0.1-0.6 0.6-1.2 1.1-1.7s1.1-0.7 1.9-0.8c1.8-0.3 3.7 0.7 4.2 2.2 0.1 0.3 0.1 0.7 0.1 2.1v0 1.7h0.1c0.4 0 0.8 0.4 0.8 0.8v4.6zM15.6 7.3c-0.5 0.1-0.8 0.3-1.2 0.6s-0.6 0.8-0.7 1.3c0 0.2 0 0.8 0 1.5l0 1.2h4.6v-1.3c0-1 0-1.4-0.1-1.6-0.3-1.1-1.5-1.9-2.6-1.7zM25.8 28.2c0 1.2-1 2.2-2.1 2.2s-2.1-1-2.1-2.1c0-1.2 1-2.1 2.2-2.1s2.2 1 2.2 2.2zM18.1 28.2c0 1.2-1 2.2-2.1 2.2s-2.1-1-2.1-2.1c0-1.2 1-2.1 2.2-2.1s2.2 1 2.2 2.2zM10.4 28.2c0 1.2-1 2.2-2.1 2.2s-2.1-1-2.1-2.1c0-1.2 1-2.1 2.2-2.1s2.2 1 2.2 2.2z\"\/><\/svg><\/span><span class=\"shariff-text\">teilen<\/span>&nbsp;<\/a><\/li><li class=\"shariff-button whatsapp shariff-nocustomcolor\" style=\"background-color:#5cbe4a\"><a href=\"https:\/\/api.whatsapp.com\/send?text=https%3A%2F%2Faturien-ev.de%2F%3Fpage_id%3D17%20Fantastisches%20Mittelalter%20%E2%80%93%20Live%20Rollenspiel\" title=\"Bei Whatsapp teilen\" aria-label=\"Bei Whatsapp teilen\" role=\"button\" rel=\"noopener nofollow\" class=\"shariff-link\" style=\"; background-color:#34af23; color:#fff\" target=\"_blank\"><span class=\"shariff-icon\" style=\"\"><svg width=\"32px\" height=\"20px\" xmlns=\"http:\/\/www.w3.org\/2000\/svg\" viewBox=\"0 0 32 32\"><path fill=\"#34af23\" d=\"M17.6 17.4q0.2 0 1.7 0.8t1.6 0.9q0 0.1 0 0.3 0 0.6-0.3 1.4-0.3 0.7-1.3 1.2t-1.8 0.5q-1 0-3.4-1.1-1.7-0.8-3-2.1t-2.6-3.3q-1.3-1.9-1.3-3.5v-0.1q0.1-1.6 1.3-2.8 0.4-0.4 0.9-0.4 0.1 0 0.3 0t0.3 0q0.3 0 0.5 0.1t0.3 0.5q0.1 0.4 0.6 1.6t0.4 1.3q0 0.4-0.6 1t-0.6 0.8q0 0.1 0.1 0.3 0.6 1.3 1.8 2.4 1 0.9 2.7 1.8 0.2 0.1 0.4 0.1 0.3 0 1-0.9t0.9-0.9zM14 26.9q2.3 0 4.3-0.9t3.6-2.4 2.4-3.6 0.9-4.3-0.9-4.3-2.4-3.6-3.6-2.4-4.3-0.9-4.3 0.9-3.6 2.4-2.4 3.6-0.9 4.3q0 3.6 2.1 6.6l-1.4 4.2 4.3-1.4q2.8 1.9 6.2 1.9zM14 2.2q2.7 0 5.2 1.1t4.3 2.9 2.9 4.3 1.1 5.2-1.1 5.2-2.9 4.3-4.3 2.9-5.2 1.1q-3.5 0-6.5-1.7l-7.4 2.4 2.4-7.2q-1.9-3.2-1.9-6.9 0-2.7 1.1-5.2t2.9-4.3 4.3-2.9 5.2-1.1z\"\/><\/svg><\/span><span class=\"shariff-text\">teilen<\/span>&nbsp;<\/a><\/li><li class=\"shariff-button info shariff-nocustomcolor\" style=\"background-color:#eee\"><a href=\"http:\/\/ct.de\/-2467514\" title=\"Weitere Informationen\" aria-label=\"Weitere Informationen\" role=\"button\" rel=\"noopener \" class=\"shariff-link\" style=\"; background-color:#fff; color:#fff\" target=\"_blank\"><span class=\"shariff-icon\" style=\"\"><svg width=\"32px\" height=\"20px\" xmlns=\"http:\/\/www.w3.org\/2000\/svg\" viewBox=\"0 0 11 32\"><path fill=\"#999\" d=\"M11.4 24v2.3q0 0.5-0.3 0.8t-0.8 0.4h-9.1q-0.5 0-0.8-0.4t-0.4-0.8v-2.3q0-0.5 0.4-0.8t0.8-0.4h1.1v-6.8h-1.1q-0.5 0-0.8-0.4t-0.4-0.8v-2.3q0-0.5 0.4-0.8t0.8-0.4h6.8q0.5 0 0.8 0.4t0.4 0.8v10.3h1.1q0.5 0 0.8 0.4t0.3 0.8zM9.2 3.4v3.4q0 0.5-0.4 0.8t-0.8 0.4h-4.6q-0.4 0-0.8-0.4t-0.4-0.8v-3.4q0-0.4 0.4-0.8t0.8-0.4h4.6q0.5 0 0.8 0.4t0.4 0.8z\"\/><\/svg><\/span><\/a><\/li><\/ul><\/div>","protected":false},"excerpt":{"rendered":"<p>Im Aturien e.V. wirken wir gemeinsam daran, mittelalterlich angelehnte Darstellungsszenarien zu erschaffen und zu erleben. Das geschieht meist im Rahmen von Live-Rollenspiel-Veranstaltungen (LARPs). Ein Ideengeber f\u00fcr unsere Darstellungsszenarien, ist das\u00a0mittelalterliche &hellip; <a href=\"https:\/\/aturien-ev.de\/?page_id=17\" class=\"more-link\"><span class=\"screen-reader-text\">Fantastisches Mittelalter &#8211; Live Rollenspiel<\/span> weiterlesen<\/a><\/p>\n","protected":false},"author":85,"featured_media":0,"parent":13,"menu_order":0,"comment_status":"closed","ping_status":"closed","template":"","meta":{"two_page_speed":[],"footnotes":""},"class_list":["post-17","page","type-page","status-publish","hentry"],"jetpack_sharing_enabled":true,"_links":{"self":[{"href":"https:\/\/aturien-ev.de\/index.php?rest_route=\/wp\/v2\/pages\/17","targetHints":{"allow":["GET"]}}],"collection":[{"href":"https:\/\/aturien-ev.de\/index.php?rest_route=\/wp\/v2\/pages"}],"about":[{"href":"https:\/\/aturien-ev.de\/index.php?rest_route=\/wp\/v2\/types\/page"}],"author":[{"embeddable":true,"href":"https:\/\/aturien-ev.de\/index.php?rest_route=\/wp\/v2\/users\/85"}],"replies":[{"embeddable":true,"href":"https:\/\/aturien-ev.de\/index.php?rest_route=%2Fwp%2Fv2%2Fcomments&post=17"}],"version-history":[{"count":17,"href":"https:\/\/aturien-ev.de\/index.php?rest_route=\/wp\/v2\/pages\/17\/revisions"}],"predecessor-version":[{"id":2519,"href":"https:\/\/aturien-ev.de\/index.php?rest_route=\/wp\/v2\/pages\/17\/revisions\/2519"}],"up":[{"embeddable":true,"href":"https:\/\/aturien-ev.de\/index.php?rest_route=\/wp\/v2\/pages\/13"}],"wp:attachment":[{"href":"https:\/\/aturien-ev.de\/index.php?rest_route=%2Fwp%2Fv2%2Fmedia&parent=17"}],"curies":[{"name":"wp","href":"https:\/\/api.w.org\/{rel}","templated":true}]}}